{"id":62,"date":"2022-10-05T16:29:03","date_gmt":"2022-10-05T14:29:03","guid":{"rendered":"http:\/\/mobimetrie.fr\/?page_id=62"},"modified":"2022-10-12T09:59:27","modified_gmt":"2022-10-12T07:59:27","slug":"mentions-legales","status":"publish","type":"page","link":"https:\/\/wimobi.fr\/index.php\/mentions-legales\/","title":{"rendered":"Mentions l\u00e9gales"},"content":{"rendered":"\n<h2 class=\"wp-block-heading\">Editeur<\/h2>\n\n\n\n<p>Le site accessible \u00e0 l\u2019adresse\u00a0<a href=\"https:\/\/wimobi.fr\/\" data-type=\"URL\" data-id=\"https:\/\/wimobi.fr\/\">www.Wimobi.fr<\/a>\u00a0(le site) est \u00e9dit\u00e9 par Affim\u00e9trie, soci\u00e9t\u00e9 par actions simplifi\u00e9e au capital de 1\u00a0706\u00a0700 euros, immatricul\u00e9 au registre du commerce et des soci\u00e9t\u00e9s de Paris.<\/p>\n\n\n\n<p>Si\u00e8ge social&nbsp;: 21 rue des Pyramides &#8211;  75001 Paris.<\/p>\n\n\n\n<p>T\u00e9l\u00e9phone&nbsp;: 01.45.63.13.13<\/p>\n\n\n\n<p>Directeur de la publication&nbsp;: Francis Moureaux<\/p>\n\n\n\n<h2 class=\"wp-block-heading\">Limitation de responsabilit\u00e9<\/h2>\n\n\n\n<p>Affim\u00e9trie met le Site \u00e0 la disposition de l\u2019Utilisateur \u00ab&nbsp;en l\u2019\u00e9tat&nbsp;\u00bb.<\/p>\n\n\n\n<p>Affim\u00e9trie fournit le Site sans garantie expr\u00e8s ou implicites, autres que celles impos\u00e9es par la loi.<\/p>\n\n\n\n<p>Affim\u00e9trie s\u2019engage \u00e0 mettre en \u0153uvre toutes actions raisonnables pour assurer la continuit\u00e9 du Service, compte tenu des moyens \u00e9conomiques et techniques dont elle dispose.<\/p>\n\n\n\n<p>Affim\u00e9trie se r\u00e9serve le droit d\u2019interrompre temporairement ses services, sans que sa responsabilit\u00e9 ne puisse \u00eatre engag\u00e9e pour des motifs de maintenance, de test, de s\u00e9curit\u00e9, de r\u00e9paration ou de toute autre nature li\u00e9s \u00e0 l\u2019am\u00e9lioration et\/ou au bon fonctionnement du Site et\/ou des Services.<\/p>\n\n\n\n<p>En cons\u00e9quence Affim\u00e9trie d\u00e9cline toute responsabilit\u00e9&nbsp;:<\/p>\n\n\n\n<ul class=\"wp-block-list\"><li>pour toute interruption du Site&nbsp;;<\/li><li>pour toute survenance de bogues&nbsp;;<\/li><li>pour toute inexactitude ou omission portant sur des informations disponibles sur le Site&nbsp;;<\/li><li>pour tous dommages r\u00e9sultant d\u2019une intrusion frauduleuse d\u2019un tiers ayant entra\u00een\u00e9 une modification des informations mises \u00e0 la disposition sur le Site&nbsp;;<\/li><li>plus g\u00e9n\u00e9ralement, pour tout dommage direct et indirect, quelles qu\u2019en soient les causes, origines, natures ou cons\u00e9quences en ce y compris notamment les co\u00fbts pouvant survenir du fait de l\u2019acquisition de biens propos\u00e9s sur le Site, les pertes de profits, de client\u00e8le, de donn\u00e9es ou tout autre perte de biens incorporels pouvant survenir \u00e0 raison de l\u2019acc\u00e8s de quiconque au site ou de l\u2019impossibilit\u00e9 d\u2019y acc\u00e9der ou du cr\u00e9dit accord\u00e9 \u00e0 une quelconque information provenant directement ou indirectement de ce dernier.<\/li><\/ul>\n\n\n\n<p>L\u2019internaute s\u2019engage \u00e0 respecter les pr\u00e9sentes et \u00e0 utiliser le Site sous sa responsabilit\u00e9. L\u2019internaute est r\u00e9put\u00e9 avoir accept\u00e9 la derni\u00e8re version des pr\u00e9sentes du simple fait de la navigation sur le site.<\/p>\n\n\n\n<h2 class=\"wp-block-heading\">Hyperliens<\/h2>\n\n\n\n<p>Affim\u00e9trie autorise la mise en place d\u2019un hyperlien vers le Site pour tout autre site, \u00e0 l\u2019exclusion de ceux diffusant des informations \u00e0 caract\u00e8re pol\u00e9mique, pornographique, x\u00e9nophobe ou pouvant, dans une plus large mesure, porter atteinte aux int\u00e9r\u00eats d\u2019Affim\u00e9trie ou \u00e0 la sensibilit\u00e9 du plus grand nombre. Aucune partie du Site ne doit \u00eatre int\u00e9gr\u00e9e \u00e0 l\u2019int\u00e9rieur d\u2019un autre site.<\/p>\n\n\n\n<p>Affim\u00e9trie se r\u00e9serve le droit de demander la suppression d\u2019un hyperlien si elle estime qu\u2019il ne respecte pas les r\u00e8gles ainsi d\u00e9finies.<br>Le Site peut inclure des hyperliens vers d\u2019autres sites. Dans la mesure o\u00f9 Affim\u00e9trie ne peut contr\u00f4ler ces sites, Affim\u00e9trie ne peut \u00eatre tenu pour responsable de la mise \u00e0 disposition de ces sites et ne peut supporter aucune responsabilit\u00e9 quant au contenu, publicit\u00e9s, produits, services ou tout autre mat\u00e9riel disponible sur ou \u00e0 partir de ces sites.<\/p>\n\n\n\n<p>De plus Affim\u00e9trie ne pourra \u00eatre tenu responsable de tous dommages ou pertes av\u00e9r\u00e9s ou all\u00e9gu\u00e9s cons\u00e9cutifs ou en relation avec l\u2019utilisation ou avec le fait d\u2019avoir fait confiance au contenu, \u00e0 des biens ou des services disponibles sur ces sites.<\/p>\n\n\n\n<p>Affim\u00e9trie n\u2019exerce aucun contr\u00f4le&nbsp; sur les liens hypertextes vers des sites web \u00e9dit\u00e9s et\/ou g\u00e9r\u00e9s par des tiers qu\u2019elle proposerait via le Site.<\/p>\n\n\n\n<p>L\u2019Utilisateur reconna\u00eet ainsi qu\u2019Affim\u00e9trie n\u2019assume aucune responsabilit\u00e9 quant \u00e0 la mise \u00e0 disposition de ces ressources en particulier en ce qui concerne leur contenu.<\/p>\n\n\n\n<h2 class=\"wp-block-heading\">Propri\u00e9t\u00e9 intellectuelle<\/h2>\n\n\n\n<p>Le site ainsi que tout logiciel utilis\u00e9 n\u00e9cessairement en relation avec celui-ci peuvent contenir des informations confidentielles et prot\u00e9g\u00e9es par le droit de propri\u00e9t\u00e9 intellectuelle en vigueur ou toute autre loi.<\/p>\n\n\n\n<p>Ainsi, sauf mention contraire, les droits de propri\u00e9t\u00e9 intellectuelle sur le contenu du Site et sur chacun des \u00e9l\u00e9ments cr\u00e9\u00e9s pour le Site sont la propri\u00e9t\u00e9 exclusive d\u2019Affim\u00e9trie, celle-ci ne conc\u00e9dant aucune licence ni aucun autre droit que celui de consulter le Site.<\/p>\n\n\n\n<p>La reproduction de tout ou partie du contenu publi\u00e9 sur le site est seulement autoris\u00e9e aux fins exclusives d\u2019information pour un usage personnel et priv\u00e9, toute reproduction et toute utilisation de copies r\u00e9alis\u00e9es \u00e0 d\u2019autres fins \u00e9tant express\u00e9ment interdites.<\/p>\n\n\n\n<p>Il est \u00e9galement interdit de copier, modifier, cr\u00e9er une \u0153uvre d\u00e9riv\u00e9e, inverser la conception de l\u2019assemblage ou de toute autre mani\u00e8re tenter de trouver le code source (\u00e0 l\u2019exception des cas pr\u00e9vus par la loi), vendre, attribuer, sous-licencier ou transf\u00e9rer de quelque mani\u00e8re que ce soit tout droit aff\u00e9rent au Site.<\/p>\n\n\n\n<p>De m\u00eame, il est \u00e9galement interdit de modifier le Site ou d\u2019utiliser des versions modifi\u00e9es du Site et notamment (sans que cette \u00e9num\u00e9ration soit limitative) en vue d\u2019obtenir un acc\u00e8s non autoris\u00e9 et d\u2019acc\u00e9der au Site par un autre moyen que par l\u2019interface qui est fournie \u00e0 l\u2019internaute par Affim\u00e9trie \u00e0 cet effet.<\/p>\n\n\n\n<h2 class=\"wp-block-heading\">H\u00e9bergeur<\/h2>\n\n\n\n<p>OVH \u2013 RCS Lille M\u00e9tropole 424 761 419 00045<\/p>\n\n\n\n<p>Code APE 2620Z \u2013 N\u00b0 TVA : FR 22 424 761 419<\/p>\n\n\n\n<p>Si\u00e8ge social : 2 rue Kellermann \u2013 59100 Roubaix \u2013 France<\/p>\n","protected":false},"excerpt":{"rendered":"<p>Editeur Le site accessible \u00e0 l\u2019adresse\u00a0www.Wimobi.fr\u00a0(le site) est \u00e9dit\u00e9 par Affim\u00e9trie, soci\u00e9t\u00e9 par actions simplifi\u00e9e &hellip; <\/p>\n","protected":false},"author":1,"featured_media":0,"parent":0,"menu_order":0,"comment_status":"closed","ping_status":"closed","template":"","meta":{"footnotes":""},"class_list":["post-62","page","type-page","status-publish","hentry","latest_post"],"_links":{"self":[{"href":"https:\/\/wimobi.fr\/index.php\/wp-json\/wp\/v2\/pages\/62","targetHints":{"allow":["GET"]}}],"collection":[{"href":"https:\/\/wimobi.fr\/index.php\/wp-json\/wp\/v2\/pages"}],"about":[{"href":"https:\/\/wimobi.fr\/index.php\/wp-json\/wp\/v2\/types\/page"}],"author":[{"embeddable":true,"href":"https:\/\/wimobi.fr\/index.php\/wp-json\/wp\/v2\/users\/1"}],"replies":[{"embeddable":true,"href":"https:\/\/wimobi.fr\/index.php\/wp-json\/wp\/v2\/comments?post=62"}],"version-history":[{"count":4,"href":"https:\/\/wimobi.fr\/index.php\/wp-json\/wp\/v2\/pages\/62\/revisions"}],"predecessor-version":[{"id":358,"href":"https:\/\/wimobi.fr\/index.php\/wp-json\/wp\/v2\/pages\/62\/revisions\/358"}],"wp:attachment":[{"href":"https:\/\/wimobi.fr\/index.php\/wp-json\/wp\/v2\/media?parent=62"}],"curies":[{"name":"wp","href":"https:\/\/api.w.org\/{rel}","templated":true}]}}