{"id":57,"date":"2022-10-05T16:25:10","date_gmt":"2022-10-05T14:25:10","guid":{"rendered":"http:\/\/mobimetrie.fr\/?page_id=57"},"modified":"2022-10-06T18:20:04","modified_gmt":"2022-10-06T16:20:04","slug":"conditions-generales-dutilisation","status":"publish","type":"page","link":"https:\/\/wimobi.fr\/index.php\/conditions-generales-dutilisation\/","title":{"rendered":"Conditions G\u00e9n\u00e9rales d\u2019Utilisation"},"content":{"rendered":"\n<h2 class=\"wp-block-heading\">Objet du contrat<\/h2>\n\n\n\n<p>Les pr\u00e9sentes Conditions G\u00e9n\u00e9rales d\u2019Utilisation (les \u00ab CGU \u00bb) d\u00e9finissent les conditions g\u00e9n\u00e9rales dans lesquelles une personne physique (l\u2019\u00ab Utilisateur&nbsp;\u00bb) utilise le site www.Wimobi.fr (le \u00ab&nbsp;Site&nbsp;\u00bb) propri\u00e9t\u00e9 d\u2019Affim\u00e9trie.<\/p>\n\n\n\n<h2 class=\"wp-block-heading\">Acceptation des CGU<\/h2>\n\n\n\n<p>L\u2019Utilisateur d\u00e9clare et reconnait avoir lu l\u2019int\u00e9gralit\u00e9 des termes des pr\u00e9sentes CGU et les accepter. En outre, toute navigation sur le Site ou utilisation des services qui y sont propos\u00e9s emporte de facto l\u2019acceptation sans r\u00e9serve par l\u2019Utilisateur des pr\u00e9sentes CGU.<\/p>\n\n\n\n<h2 class=\"wp-block-heading\">Sanctions aux manquements de l\u2019Utilisateur<\/h2>\n\n\n\n<p>En cas d\u2019inex\u00e9cution ou de non-respect par l\u2019Utilisateur de ses obligations l\u00e9gales ou conventionnelles d\u00e9coulant des pr\u00e9sentes CGU, Affim\u00e9trie se r\u00e9serve le droit de modifier, suspendre, limiter ou supprimer l\u2019acc\u00e8s au Site et\/ou \u00e0 ses services, sans pr\u00e9avis et sans que l\u2019Utilisateur ne puisse r\u00e9clamer une indemnit\u00e9 quelconque.<\/p>\n\n\n\n<h2 class=\"wp-block-heading\">Obligations de l\u2019Utilisateur<\/h2>\n\n\n\n<p>L\u2019Utilisateur s\u2019engage \u00e0 utiliser le site conform\u00e9ment \u00e0 la loi et aux pr\u00e9sentes CGU et aux mentions l\u00e9gales et s\u2019interdit notamment d\u2019utiliser le site de mani\u00e8re diffamatoire, injurieuse ou attentatoire \u00e0 la dignit\u00e9 humaine. Il s\u2019engage \u00e0 utiliser le Site aux fins strictement pr\u00e9vues par l\u2019Editeuret s\u2019interdit toute utilisation commerciale du Site.<\/p>\n\n\n\n<p>Il appartient en outre \u00e0 chaque Utilisateur de prendre toutes les mesures appropri\u00e9es afin de prot\u00e9ger ses propres donn\u00e9es et de mettre en place des logiciels contre la contamination de \u00ab&nbsp;virus&nbsp;\u00bb.<\/p>\n\n\n\n<p>Affim\u00e9trie ne pourra \u00eatre tenue responsable en cas de dommages directs ou indirects, quelles qu\u2019en soient les causes, origines, natures et cons\u00e9quences, qui pourraient r\u00e9sulter de la pr\u00e9sence de virus sur le Site.<\/p>\n\n\n\n<h2 class=\"wp-block-heading\">Obligations d\u2019Affim\u00e9trie<\/h2>\n\n\n\n<p>Affim\u00e9trie met le Site \u00e0 la disposition de l\u2019Utilisateur \u00ab&nbsp;en l\u2019\u00e9tat&nbsp;\u00bb.<\/p>\n\n\n\n<p>Affim\u00e9trie fournit le Site sans garantie expr\u00e8s ou implicites, autres que celles impos\u00e9es par la loi.<\/p>\n\n\n\n<p>Affim\u00e9trie s\u2019engage \u00e0 mettre en \u0153uvre toutes actions raisonnables pour assurer la continuit\u00e9 du Service, compte tenu des moyens \u00e9conomiques et techniques dont elle dispose.<\/p>\n\n\n\n<p>Affim\u00e9trie se r\u00e9serve le droit d\u2019interrompre temporairement ses services, sans que sa responsabilit\u00e9 ne puisse \u00eatre engag\u00e9e pour des motifs de maintenance, de test, de s\u00e9curit\u00e9, de r\u00e9paration ou de toute autre nature li\u00e9s \u00e0 l\u2019am\u00e9lioration et\/ou au bon fonctionnement du Site et\/ou des Services.<\/p>\n\n\n\n<h2 class=\"wp-block-heading\">Responsabilit\u00e9s<\/h2>\n\n\n\n<p>La responsabilit\u00e9 d\u2019Affim\u00e9trie ne peut pas \u00eatre engag\u00e9e en cas d\u2019interruption du Service du fait d\u2019un tiers, d\u2019un cas de force majeure ou de tout autre fait ind\u00e9pendant de sa volont\u00e9.<\/p>\n\n\n\n<h2 class=\"wp-block-heading\">Proc\u00e9dure de notification et de retrait<\/h2>\n\n\n\n<p>Le Site Wimobi comprend notamment des contenus g\u00e9n\u00e9r\u00e9s par l\u2019Utilisateur. L\u2019Utilisateur demeure seul responsable du contenu qu\u2019il g\u00e9n\u00e8re. La mise en ligne d\u2019un contenu par l\u2019Utilisateur ne signifie en aucun cas qu\u2019Affim\u00e9trie approuve ledit contenu. Affim\u00e9trie n\u2019effectue aucun contr\u00f4le pr\u00e9alable sur le contenu g\u00e9n\u00e9r\u00e9 par l\u2019Utilisateur et n\u2019en est en rien responsable.<\/p>\n\n\n\n<p>Affim\u00e9trie s\u2019engage, apr\u00e8s notification pr\u00e9alable par un Utilisateur, \u00e0 retirer du Site tout contenu illicite. Si l\u2019Utilisateur constate la mise en ligne d\u2019un contenu illicite, il peut adresser une r\u00e9clamation ou un signalement \u00e0 Affim\u00e9trie d\u00e9finissant avec pr\u00e9cision l\u2019objet de sa demande.<\/p>\n\n\n\n<p>L\u2019Utilisateur devra pr\u00e9ciser son nom d\u2019utilisateur, inclure le lien vers le contenu litigieux, d\u00e9crire avec pr\u00e9cision les contenus dont le retrait est demand\u00e9, les motifs pour lesquels le retrait est demand\u00e9 et tout autre \u00e9l\u00e9ment justificatif \u00e9tayant le bien-fond\u00e9 de sa demande. Il doit garantir l\u2019exactitude et la v\u00e9racit\u00e9 des informations transmises. Une fois pr\u00e9cis\u00e9ment et suffisamment inform\u00e9e, Affim\u00e9trie s\u2019engage \u00e0 retirer promptement le contenu illicite.<\/p>\n\n\n\n<h2 class=\"wp-block-heading\">Modification des CGU<\/h2>\n\n\n\n<p>Affim\u00e9trie se r\u00e9serve le droit de modifier les termes, conditions et mentions du pr\u00e9sent contrat, \u00e0 tout moment. Il est ainsi conseill\u00e9 \u00e0 l\u2019Utilisateur de consulter r\u00e9guli\u00e8rement la derni\u00e8re version des CGU disponibles sur le site Wimobi . L\u2019Utilisateur sera alors libre de choisir de continuer ou pas d\u2019utiliser le Site et\/ou les services propos\u00e9s sur le Site.<\/p>\n\n\n\n<h2 class=\"wp-block-heading\">Indivisibilit\u00e9<\/h2>\n\n\n\n<p>Si l\u2019une des conditions ou termes des pr\u00e9sentes CGU \u00e9tait consid\u00e9r\u00e9(e) comme ill\u00e9gal(e), invalide ou inapplicable, cette condition ou ce terme sera supprim\u00e9(e) sans pr\u00e9judice de l\u2019application des autres dispositions, et remplac\u00e9e par une nouvelle condition respectant l\u2019esprit et l\u2019impact (notamment technique et \u00e9conomique) de la condition supprim\u00e9e.<\/p>\n\n\n\n<h2 class=\"wp-block-heading\">Entr\u00e9e en vigueur<\/h2>\n\n\n\n<p>Les pr\u00e9sentes CGU entre en vigueur d\u00e8s leur publication sur le Site.<\/p>\n","protected":false},"excerpt":{"rendered":"<p>Objet du contrat Les pr\u00e9sentes Conditions G\u00e9n\u00e9rales d\u2019Utilisation (les \u00ab CGU \u00bb) d\u00e9finissent les conditions &hellip; <\/p>\n","protected":false},"author":1,"featured_media":0,"parent":0,"menu_order":0,"comment_status":"closed","ping_status":"closed","template":"","meta":{"footnotes":""},"class_list":["post-57","page","type-page","status-publish","hentry","latest_post"],"_links":{"self":[{"href":"https:\/\/wimobi.fr\/index.php\/wp-json\/wp\/v2\/pages\/57","targetHints":{"allow":["GET"]}}],"collection":[{"href":"https:\/\/wimobi.fr\/index.php\/wp-json\/wp\/v2\/pages"}],"about":[{"href":"https:\/\/wimobi.fr\/index.php\/wp-json\/wp\/v2\/types\/page"}],"author":[{"embeddable":true,"href":"https:\/\/wimobi.fr\/index.php\/wp-json\/wp\/v2\/users\/1"}],"replies":[{"embeddable":true,"href":"https:\/\/wimobi.fr\/index.php\/wp-json\/wp\/v2\/comments?post=57"}],"version-history":[{"count":1,"href":"https:\/\/wimobi.fr\/index.php\/wp-json\/wp\/v2\/pages\/57\/revisions"}],"predecessor-version":[{"id":317,"href":"https:\/\/wimobi.fr\/index.php\/wp-json\/wp\/v2\/pages\/57\/revisions\/317"}],"wp:attachment":[{"href":"https:\/\/wimobi.fr\/index.php\/wp-json\/wp\/v2\/media?parent=57"}],"curies":[{"name":"wp","href":"https:\/\/api.w.org\/{rel}","templated":true}]}}