{"id":252,"date":"2022-10-06T15:05:26","date_gmt":"2022-10-06T13:05:26","guid":{"rendered":"http:\/\/wimobi.fr\/?page_id=252"},"modified":"2022-10-12T10:01:10","modified_gmt":"2022-10-12T08:01:10","slug":"contact_form","status":"publish","type":"page","link":"https:\/\/wimobi.fr\/index.php\/contact_form\/","title":{"rendered":"Contact"},"content":{"rendered":"\n<p>Pour toute demande de contact, merci de bien vouloir remplir le formulaire ci-dessous. Les champs de civilit\u00e9 et d&#8217;adresse mail sont obligatoires.<\/p>\n\n\n\n<div class=\"wp-block-contact-form-7-contact-form-selector\">\n<div class=\"wpcf7 no-js\" id=\"wpcf7-f293-o1\" lang=\"fr-FR\" dir=\"ltr\">\n<div class=\"screen-reader-response\"><p role=\"status\" aria-live=\"polite\" aria-atomic=\"true\"><\/p> <ul><\/ul><\/div>\n<form action=\"\/index.php\/wp-json\/wp\/v2\/pages\/252#wpcf7-f293-o1\" method=\"post\" class=\"wpcf7-form init\" aria-label=\"Formulaire de contact\" novalidate=\"novalidate\" data-status=\"init\">\n<div style=\"display: none;\">\n<input type=\"hidden\" name=\"_wpcf7\" value=\"293\" \/>\n<input type=\"hidden\" name=\"_wpcf7_version\" value=\"5.9.8\" \/>\n<input type=\"hidden\" name=\"_wpcf7_locale\" value=\"fr_FR\" \/>\n<input type=\"hidden\" name=\"_wpcf7_unit_tag\" value=\"wpcf7-f293-o1\" \/>\n<input type=\"hidden\" name=\"_wpcf7_container_post\" value=\"0\" \/>\n<input type=\"hidden\" name=\"_wpcf7_posted_data_hash\" value=\"\" \/>\n<input type=\"hidden\" name=\"_wpcf7_recaptcha_response\" value=\"\" \/>\n<\/div>\n<p><span class=\"wpcf7-form-control-wrap\" data-name=\"menu-765\"><select class=\"wpcf7-form-control wpcf7-select wpcf7-validates-as-required\" aria-required=\"true\" aria-invalid=\"false\" name=\"menu-765\"><option value=\"Demande d&#039;informations\">Demande d&#039;informations<\/option><option value=\"Contact commercial\">Contact commercial<\/option><\/select><\/span>\n<\/p>\n<p><label>Civilit\u00e9 <span class=\"wpcf7-form-control-wrap\" data-name=\"menu-938\"><select class=\"wpcf7-form-control wpcf7-select\" aria-invalid=\"false\" name=\"menu-938\"><option value=\"\">&#8212;Veuillez choisir une option&#8212;<\/option><option value=\"Mr\">Mr<\/option><option value=\"Mme\">Mme<\/option><\/select><\/span> <\/label>\n<\/p>\n<p><label>Nom (*) <span class=\"wpcf7-form-control-wrap\" data-name=\"your-Surname\"><input size=\"40\" maxlength=\"400\" class=\"wpcf7-form-control wpcf7-text wpcf7-validates-as-required\" aria-required=\"true\" aria-invalid=\"false\" value=\"\" type=\"text\" name=\"your-Surname\" \/><\/span> <\/label>\n<\/p>\n<p><label>Pr\u00e9nom (*) <span class=\"wpcf7-form-control-wrap\" data-name=\"your-firstname\"><input size=\"40\" maxlength=\"400\" class=\"wpcf7-form-control wpcf7-text wpcf7-validates-as-required\" aria-required=\"true\" aria-invalid=\"false\" value=\"\" type=\"text\" name=\"your-firstname\" \/><\/span> <\/label>\n<\/p>\n<p><label>Soci\u00e9t\u00e9 <span class=\"wpcf7-form-control-wrap\" data-name=\"your-society\"><input size=\"40\" maxlength=\"400\" class=\"wpcf7-form-control wpcf7-text\" aria-invalid=\"false\" value=\"\" type=\"text\" name=\"your-society\" \/><\/span> <\/label>\n<\/p>\n<p><label>Votre adresse mail (*) <span class=\"wpcf7-form-control-wrap\" data-name=\"your-email\"><input size=\"40\" maxlength=\"400\" class=\"wpcf7-form-control wpcf7-email wpcf7-validates-as-required wpcf7-text wpcf7-validates-as-email\" aria-required=\"true\" aria-invalid=\"false\" value=\"\" type=\"email\" name=\"your-email\" \/><\/span> <\/label>\n<\/p>\n<p><label>Votre num\u00e9ro de t\u00e9l\u00e9phone <span class=\"wpcf7-form-control-wrap\" data-name=\"tel-808\"><input size=\"40\" maxlength=\"400\" class=\"wpcf7-form-control wpcf7-tel wpcf7-text wpcf7-validates-as-tel\" aria-invalid=\"false\" placeholder=\"Exemple : 06 00 00 00 00\" value=\"\" type=\"tel\" name=\"tel-808\" \/><\/span> <\/label>\n<\/p>\n<p><label>Votre message<br \/>\n<span class=\"wpcf7-form-control-wrap\" data-name=\"your-message\"><textarea cols=\"40\" rows=\"10\" maxlength=\"2000\" class=\"wpcf7-form-control wpcf7-textarea\" aria-invalid=\"false\" name=\"your-message\"><\/textarea><\/span> <\/label>\n<\/p>\n<p><input class=\"wpcf7-form-control wpcf7-submit has-spinner\" type=\"submit\" value=\"Envoyer\" \/>\n<\/p><div class=\"wpcf7-response-output\" aria-hidden=\"true\"><\/div>\n<\/form>\n<\/div>\n<\/div>\n\n\n\n<p>Vous souhaitez modifier vos pr\u00e9f\u00e9rences plus tard ?<br>Conform\u00e9ment \u00e0 la loi Informatique et Libert\u00e9s du 6 janvier 1978 modifi\u00e9e, Vous disposez \u00e0 tout moment d\u2019un droit d\u2019acc\u00e8s, de rectification et de r\u00e9siliation. Pour exercer ce droit, vous pouvez nous contacter \u00e0 l\u2019adresse suivante :\u00a0<a href=\"mailto:donneespersonnelles@wimobi.fr\" data-type=\"mailto\" data-id=\"mailto:donneespersonnelles@wimobi.fr\">donneespersonnelles@wimobi.fr<\/a><\/p>\n","protected":false},"excerpt":{"rendered":"<p>Pour toute demande de contact, merci de bien vouloir remplir le formulaire ci-dessous. Les champs &hellip; <\/p>\n","protected":false},"author":1,"featured_media":0,"parent":0,"menu_order":0,"comment_status":"closed","ping_status":"closed","template":"","meta":{"footnotes":""},"class_list":["post-252","page","type-page","status-publish","hentry","latest_post"],"_links":{"self":[{"href":"https:\/\/wimobi.fr\/index.php\/wp-json\/wp\/v2\/pages\/252","targetHints":{"allow":["GET"]}}],"collection":[{"href":"https:\/\/wimobi.fr\/index.php\/wp-json\/wp\/v2\/pages"}],"about":[{"href":"https:\/\/wimobi.fr\/index.php\/wp-json\/wp\/v2\/types\/page"}],"author":[{"embeddable":true,"href":"https:\/\/wimobi.fr\/index.php\/wp-json\/wp\/v2\/users\/1"}],"replies":[{"embeddable":true,"href":"https:\/\/wimobi.fr\/index.php\/wp-json\/wp\/v2\/comments?post=252"}],"version-history":[{"count":8,"href":"https:\/\/wimobi.fr\/index.php\/wp-json\/wp\/v2\/pages\/252\/revisions"}],"predecessor-version":[{"id":359,"href":"https:\/\/wimobi.fr\/index.php\/wp-json\/wp\/v2\/pages\/252\/revisions\/359"}],"wp:attachment":[{"href":"https:\/\/wimobi.fr\/index.php\/wp-json\/wp\/v2\/media?parent=252"}],"curies":[{"name":"wp","href":"https:\/\/api.w.org\/{rel}","templated":true}]}}